{"id":14,"date":"2023-02-20T11:07:00","date_gmt":"2023-02-20T11:07:00","guid":{"rendered":"http:\/\/jf-project.de\/?page_id=14"},"modified":"2023-04-19T13:26:28","modified_gmt":"2023-04-19T13:26:28","slug":"leistungen","status":"publish","type":"page","link":"https:\/\/jf-project.de\/en\/leistungen\/","title":{"rendered":"Services"},"content":{"rendered":"<div data-elementor-type=\"wp-page\" data-elementor-id=\"14\" class=\"elementor elementor-14\" data-elementor-post-type=\"page\">\n\t\t\t\t<div class=\"elementor-element elementor-element-c01cf9d e-flex e-con-boxed e-con e-parent\" data-id=\"c01cf9d\" data-element_type=\"container\" data-e-type=\"container\" data-settings=\"{&quot;background_background&quot;:&quot;classic&quot;}\">\n\t\t\t\t\t<div class=\"e-con-inner\">\n\t\t\t\t<div class=\"elementor-element elementor-element-1c7bf62 elementor-widget elementor-widget-heading\" data-id=\"1c7bf62\" data-element_type=\"widget\" data-e-type=\"widget\" data-widget_type=\"heading.default\">\n\t\t\t\t<div class=\"elementor-widget-container\">\n\t\t\t\t\t<h2 class=\"elementor-heading-title elementor-size-default\">Services<\/h2>\t\t\t\t<\/div>\n\t\t\t\t<\/div>\n\t\t\t\t\t<\/div>\n\t\t\t\t<\/div>\n\t\t<div class=\"elementor-element elementor-element-78fd3c0 e-flex e-con-boxed e-con e-parent\" data-id=\"78fd3c0\" data-element_type=\"container\" data-e-type=\"container\">\n\t\t\t\t\t<div class=\"e-con-inner\">\n\t\t\t\t<div class=\"elementor-element elementor-element-fb262c7 elementor-widget elementor-widget-text-editor\" data-id=\"fb262c7\" data-element_type=\"widget\" data-e-type=\"widget\" data-widget_type=\"text-editor.default\">\n\t\t\t\t<div class=\"elementor-widget-container\">\n\t\t\t\t\t\t\t\t\t<p>Um unserem eigenen Anspruch gerecht zu werden, legen wir ein besonderes Augenmerk auf zeitlose Architektur, solide Handwerkskunst und nachhaltige und hochwertige Materialien.<\/p><p>Die Schaffung von Wohnraum spielt eine essenzielle Rolle f\u00fcr unsere Lebensgestaltung, da wir Menschen einen Ort brauchen, der uns Energie gibt und an dem wir uns wohlf\u00fchlen. Einen Ort an dem wir mit unseren Partnern, Familien und Freunden zusammenkommen k\u00f6nnen.\u00a0<\/p><p>Wir sind fortw\u00e4hrend auf der Suche nach Immobilien zur Sanierung und nach Grundst\u00fccken f\u00fcr unsere Neubauprojekte. Eine \u00dcbersicht unserer Gesch\u00e4ftsfelder: <\/p><p>\u00b7 Residential properties: Old and new buildings<br \/>\u00b7 Commercial properties: Office, hotel, practices, clinics<br \/>\u00b7 Vacation properties for let and owner occupation<\/p><p><br \/>For more information, please see our purchase profile.<\/p>\t\t\t\t\t\t\t\t<\/div>\n\t\t\t\t<\/div>\n\t\t\t\t<div class=\"elementor-element elementor-element-f10385b elementor-align-center elementor-widget elementor-widget-button\" data-id=\"f10385b\" data-element_type=\"widget\" data-e-type=\"widget\" data-widget_type=\"button.default\">\n\t\t\t\t<div class=\"elementor-widget-container\">\n\t\t\t\t\t\t\t\t\t<div class=\"elementor-button-wrapper\">\n\t\t\t\t\t<a class=\"elementor-button elementor-button-link elementor-size-sm\" href=\"http:\/\/jf-project.de\/en\/ankaufsprofil\/\">\n\t\t\t\t\t\t<span class=\"elementor-button-content-wrapper\">\n\t\t\t\t\t\t\t\t\t<span class=\"elementor-button-text\">PURCHASE PROFILE<\/span>\n\t\t\t\t\t<\/span>\n\t\t\t\t\t<\/a>\n\t\t\t\t<\/div>\n\t\t\t\t\t\t\t\t<\/div>\n\t\t\t\t<\/div>\n\t\t\t\t\t<\/div>\n\t\t\t\t<\/div>\n\t\t\t\t<\/div>","protected":false},"excerpt":{"rendered":"<p>Leistungen Um unserem eigenen Anspruch gerecht zu werden, legen wir ein besonderes Augenmerk auf zeitlose Architektur, solide Handwerkskunst und nachhaltige und hochwertige Materialien. Die Schaffung von Wohnraum spielt eine essenzielle Rolle f\u00fcr unsere Lebensgestaltung, da wir Menschen einen Ort brauchen, der uns Energie gibt und an dem wir uns wohlf\u00fchlen. Einen Ort an dem wir [&hellip;]<\/p>","protected":false},"author":3,"featured_media":0,"parent":0,"menu_order":0,"comment_status":"closed","ping_status":"closed","template":"","meta":{"footnotes":""},"class_list":["post-14","page","type-page","status-publish","hentry"],"_links":{"self":[{"href":"https:\/\/jf-project.de\/en\/wp-json\/wp\/v2\/pages\/14","targetHints":{"allow":["GET"]}}],"collection":[{"href":"https:\/\/jf-project.de\/en\/wp-json\/wp\/v2\/pages"}],"about":[{"href":"https:\/\/jf-project.de\/en\/wp-json\/wp\/v2\/types\/page"}],"author":[{"embeddable":true,"href":"https:\/\/jf-project.de\/en\/wp-json\/wp\/v2\/users\/3"}],"replies":[{"embeddable":true,"href":"https:\/\/jf-project.de\/en\/wp-json\/wp\/v2\/comments?post=14"}],"version-history":[{"count":58,"href":"https:\/\/jf-project.de\/en\/wp-json\/wp\/v2\/pages\/14\/revisions"}],"predecessor-version":[{"id":1022,"href":"https:\/\/jf-project.de\/en\/wp-json\/wp\/v2\/pages\/14\/revisions\/1022"}],"wp:attachment":[{"href":"https:\/\/jf-project.de\/en\/wp-json\/wp\/v2\/media?parent=14"}],"curies":[{"name":"wp","href":"https:\/\/api.w.org\/{rel}","templated":true}]}}