{"id":24,"date":"2023-02-20T11:10:00","date_gmt":"2023-02-20T11:10:00","guid":{"rendered":"http:\/\/jf-project.de\/?page_id=24"},"modified":"2025-05-14T10:08:39","modified_gmt":"2025-05-14T10:08:39","slug":"karriere","status":"publish","type":"page","link":"https:\/\/jf-project.de\/en\/karriere\/","title":{"rendered":"Career"},"content":{"rendered":"<div data-elementor-type=\"wp-page\" data-elementor-id=\"24\" class=\"elementor elementor-24\" data-elementor-post-type=\"page\">\n\t\t\t\t<div class=\"elementor-element elementor-element-5061e23 e-flex e-con-boxed e-con e-parent\" data-id=\"5061e23\" data-element_type=\"container\" data-e-type=\"container\" data-settings=\"{&quot;background_background&quot;:&quot;classic&quot;}\">\n\t\t\t\t\t<div class=\"e-con-inner\">\n\t\t\t\t<div class=\"elementor-element elementor-element-3673d19 elementor-widget elementor-widget-heading\" data-id=\"3673d19\" data-element_type=\"widget\" data-e-type=\"widget\" data-widget_type=\"heading.default\">\n\t\t\t\t<div class=\"elementor-widget-container\">\n\t\t\t\t\t<h2 class=\"elementor-heading-title elementor-size-default\">Career<\/h2>\t\t\t\t<\/div>\n\t\t\t\t<\/div>\n\t\t\t\t\t<\/div>\n\t\t\t\t<\/div>\n\t\t<div class=\"elementor-element elementor-element-351ba3e e-flex e-con-boxed e-con e-parent\" data-id=\"351ba3e\" data-element_type=\"container\" data-e-type=\"container\">\n\t\t\t\t\t<div class=\"e-con-inner\">\n\t\t<div class=\"elementor-element elementor-element-d282d80 e-con-full e-flex elementor-invisible e-con e-parent\" data-id=\"d282d80\" data-element_type=\"container\" data-e-type=\"container\" data-settings=\"{&quot;animation&quot;:&quot;fadeInLeft&quot;}\">\n\t\t\t\t<div class=\"elementor-element elementor-element-d26cd81 elementor-widget elementor-widget-heading\" data-id=\"d26cd81\" data-element_type=\"widget\" data-e-type=\"widget\" data-widget_type=\"heading.default\">\n\t\t\t\t<div class=\"elementor-widget-container\">\n\t\t\t\t\t<h2 class=\"elementor-heading-title elementor-size-default\">WE\u2019RE LOOKING TO EXPAND OUR TEAM!<\/h2>\t\t\t\t<\/div>\n\t\t\t\t<\/div>\n\t\t\t\t<div class=\"elementor-element elementor-element-7ac9669 elementor-widget elementor-widget-text-editor\" data-id=\"7ac9669\" data-element_type=\"widget\" data-e-type=\"widget\" data-widget_type=\"text-editor.default\">\n\t\t\t\t<div class=\"elementor-widget-container\">\n\t\t\t\t\t\t\t\t\t<p>As a growing company, we are always on the lookout for committed employees.\nOn this page, you can see our current job vacancies. You can also send us an unsolicited application at any time. Please send us your application documents by email to info@jf-project-invest.de.<\/p>\t\t\t\t\t\t\t\t<\/div>\n\t\t\t\t<\/div>\n\t\t\t\t<div class=\"elementor-element elementor-element-1d7f990 elementor-mobile-align-center elementor-widget elementor-widget-button\" data-id=\"1d7f990\" data-element_type=\"widget\" data-e-type=\"widget\" data-widget_type=\"button.default\">\n\t\t\t\t<div class=\"elementor-widget-container\">\n\t\t\t\t\t\t\t\t\t<div class=\"elementor-button-wrapper\">\n\t\t\t\t\t<a class=\"elementor-button elementor-button-link elementor-size-sm\" href=\"#stellen\">\n\t\t\t\t\t\t<span class=\"elementor-button-content-wrapper\">\n\t\t\t\t\t\t\t\t\t<span class=\"elementor-button-text\">APPLY NOW<\/span>\n\t\t\t\t\t<\/span>\n\t\t\t\t\t<\/a>\n\t\t\t\t<\/div>\n\t\t\t\t\t\t\t\t<\/div>\n\t\t\t\t<\/div>\n\t\t\t\t<\/div>\n\t\t\t\t\t<\/div>\n\t\t\t\t<\/div>\n\t\t<div class=\"elementor-element elementor-element-9ea66ae e-flex e-con-boxed e-con e-parent\" data-id=\"9ea66ae\" data-element_type=\"container\" data-e-type=\"container\" data-settings=\"{&quot;background_background&quot;:&quot;classic&quot;}\">\n\t\t\t\t\t<div class=\"e-con-inner\">\n\t\t\t\t<div class=\"elementor-element elementor-element-1b6d85f elementor-invisible elementor-widget elementor-widget-heading\" data-id=\"1b6d85f\" data-element_type=\"widget\" data-e-type=\"widget\" data-settings=\"{&quot;_animation&quot;:&quot;fadeInLeft&quot;}\" data-widget_type=\"heading.default\">\n\t\t\t\t<div class=\"elementor-widget-container\">\n\t\t\t\t\t<h2 class=\"elementor-heading-title elementor-size-default\">WHAT WE OFFER<\/h2>\t\t\t\t<\/div>\n\t\t\t\t<\/div>\n\t\t<div class=\"elementor-element elementor-element-9efa973 e-flex e-con-boxed e-con e-parent\" data-id=\"9efa973\" data-element_type=\"container\" data-e-type=\"container\">\n\t\t\t\t\t<div class=\"e-con-inner\">\n\t\t<div class=\"elementor-element elementor-element-baa46ec e-con-full e-flex elementor-invisible e-con e-parent\" data-id=\"baa46ec\" data-element_type=\"container\" data-e-type=\"container\" data-settings=\"{&quot;animation&quot;:&quot;fadeInDown&quot;}\">\n\t\t\t\t<div class=\"elementor-element elementor-element-1a66552 elementor-widget elementor-widget-image\" data-id=\"1a66552\" data-element_type=\"widget\" data-e-type=\"widget\" data-widget_type=\"image.default\">\n\t\t\t\t<div class=\"elementor-widget-container\">\n\t\t\t\t\t\t\t\t\t\t\t\t\t\t\t<img fetchpriority=\"high\" decoding=\"async\" width=\"800\" height=\"800\" src=\"https:\/\/jf-project.de\/wp-content\/uploads\/2023\/03\/23-1024x1024.png\" class=\"attachment-large size-large wp-image-624\" alt=\"\" srcset=\"https:\/\/jf-project.de\/wp-content\/uploads\/2023\/03\/23-1024x1024.png 1024w, https:\/\/jf-project.de\/wp-content\/uploads\/2023\/03\/23-300x300.png 300w, https:\/\/jf-project.de\/wp-content\/uploads\/2023\/03\/23-150x150.png 150w, https:\/\/jf-project.de\/wp-content\/uploads\/2023\/03\/23-768x768.png 768w, https:\/\/jf-project.de\/wp-content\/uploads\/2023\/03\/23-12x12.png 12w, https:\/\/jf-project.de\/wp-content\/uploads\/2023\/03\/23.png 1080w\" sizes=\"(max-width: 800px) 100vw, 800px\" \/>\t\t\t\t\t\t\t\t\t\t\t\t\t\t\t<\/div>\n\t\t\t\t<\/div>\n\t\t\t\t<div class=\"elementor-element elementor-element-ad75e16 elementor-widget elementor-widget-heading\" data-id=\"ad75e16\" data-element_type=\"widget\" data-e-type=\"widget\" data-widget_type=\"heading.default\">\n\t\t\t\t<div class=\"elementor-widget-container\">\n\t\t\t\t\t<h2 class=\"elementor-heading-title elementor-size-default\">Flexible working hours<\/h2>\t\t\t\t<\/div>\n\t\t\t\t<\/div>\n\t\t\t\t<\/div>\n\t\t<div class=\"elementor-element elementor-element-76922c6 e-con-full e-flex elementor-invisible e-con e-parent\" data-id=\"76922c6\" data-element_type=\"container\" data-e-type=\"container\" data-settings=\"{&quot;animation&quot;:&quot;fadeInDown&quot;}\">\n\t\t\t\t<div class=\"elementor-element elementor-element-4de6a87 elementor-widget elementor-widget-image\" data-id=\"4de6a87\" data-element_type=\"widget\" data-e-type=\"widget\" data-widget_type=\"image.default\">\n\t\t\t\t<div class=\"elementor-widget-container\">\n\t\t\t\t\t\t\t\t\t\t\t\t\t\t\t<img decoding=\"async\" width=\"800\" height=\"800\" src=\"https:\/\/jf-project.de\/wp-content\/uploads\/2023\/03\/24-1024x1024.png\" class=\"attachment-large size-large wp-image-625\" alt=\"\" srcset=\"https:\/\/jf-project.de\/wp-content\/uploads\/2023\/03\/24-1024x1024.png 1024w, https:\/\/jf-project.de\/wp-content\/uploads\/2023\/03\/24-300x300.png 300w, https:\/\/jf-project.de\/wp-content\/uploads\/2023\/03\/24-150x150.png 150w, https:\/\/jf-project.de\/wp-content\/uploads\/2023\/03\/24-768x768.png 768w, https:\/\/jf-project.de\/wp-content\/uploads\/2023\/03\/24-12x12.png 12w, https:\/\/jf-project.de\/wp-content\/uploads\/2023\/03\/24.png 1080w\" sizes=\"(max-width: 800px) 100vw, 800px\" \/>\t\t\t\t\t\t\t\t\t\t\t\t\t\t\t<\/div>\n\t\t\t\t<\/div>\n\t\t\t\t<div class=\"elementor-element elementor-element-b8d5130 elementor-widget elementor-widget-heading\" data-id=\"b8d5130\" data-element_type=\"widget\" data-e-type=\"widget\" data-widget_type=\"heading.default\">\n\t\t\t\t<div class=\"elementor-widget-container\">\n\t\t\t\t\t<h2 class=\"elementor-heading-title elementor-size-default\">Flat hierarchies<\/h2>\t\t\t\t<\/div>\n\t\t\t\t<\/div>\n\t\t\t\t<\/div>\n\t\t<div class=\"elementor-element elementor-element-8dab4f2 e-con-full e-flex elementor-invisible e-con e-parent\" data-id=\"8dab4f2\" data-element_type=\"container\" data-e-type=\"container\" data-settings=\"{&quot;animation&quot;:&quot;fadeInDown&quot;}\">\n\t\t\t\t<div class=\"elementor-element elementor-element-708936b elementor-widget elementor-widget-image\" data-id=\"708936b\" data-element_type=\"widget\" data-e-type=\"widget\" data-widget_type=\"image.default\">\n\t\t\t\t<div class=\"elementor-widget-container\">\n\t\t\t\t\t\t\t\t\t\t\t\t\t\t\t<img decoding=\"async\" width=\"800\" height=\"800\" src=\"https:\/\/jf-project.de\/wp-content\/uploads\/2023\/03\/25-1024x1024.png\" class=\"attachment-large size-large wp-image-626\" alt=\"\" srcset=\"https:\/\/jf-project.de\/wp-content\/uploads\/2023\/03\/25-1024x1024.png 1024w, https:\/\/jf-project.de\/wp-content\/uploads\/2023\/03\/25-300x300.png 300w, https:\/\/jf-project.de\/wp-content\/uploads\/2023\/03\/25-150x150.png 150w, https:\/\/jf-project.de\/wp-content\/uploads\/2023\/03\/25-768x768.png 768w, https:\/\/jf-project.de\/wp-content\/uploads\/2023\/03\/25-12x12.png 12w, https:\/\/jf-project.de\/wp-content\/uploads\/2023\/03\/25.png 1080w\" sizes=\"(max-width: 800px) 100vw, 800px\" \/>\t\t\t\t\t\t\t\t\t\t\t\t\t\t\t<\/div>\n\t\t\t\t<\/div>\n\t\t\t\t<div class=\"elementor-element elementor-element-282ad9a elementor-widget elementor-widget-heading\" data-id=\"282ad9a\" data-element_type=\"widget\" data-e-type=\"widget\" data-widget_type=\"heading.default\">\n\t\t\t\t<div class=\"elementor-widget-container\">\n\t\t\t\t\t<h2 class=\"elementor-heading-title elementor-size-default\">Diverse projects<\/h2>\t\t\t\t<\/div>\n\t\t\t\t<\/div>\n\t\t\t\t<\/div>\n\t\t<div class=\"elementor-element elementor-element-ca57018 e-con-full e-flex elementor-invisible e-con e-parent\" data-id=\"ca57018\" data-element_type=\"container\" data-e-type=\"container\" data-settings=\"{&quot;animation&quot;:&quot;fadeInUp&quot;}\">\n\t\t\t\t<div class=\"elementor-element elementor-element-bfca479 elementor-widget elementor-widget-image\" data-id=\"bfca479\" data-element_type=\"widget\" data-e-type=\"widget\" data-widget_type=\"image.default\">\n\t\t\t\t<div class=\"elementor-widget-container\">\n\t\t\t\t\t\t\t\t\t\t\t\t\t\t\t<img loading=\"lazy\" decoding=\"async\" width=\"800\" height=\"800\" src=\"https:\/\/jf-project.de\/wp-content\/uploads\/2023\/03\/26-1024x1024.png\" class=\"attachment-large size-large wp-image-627\" alt=\"\" srcset=\"https:\/\/jf-project.de\/wp-content\/uploads\/2023\/03\/26-1024x1024.png 1024w, https:\/\/jf-project.de\/wp-content\/uploads\/2023\/03\/26-300x300.png 300w, https:\/\/jf-project.de\/wp-content\/uploads\/2023\/03\/26-150x150.png 150w, https:\/\/jf-project.de\/wp-content\/uploads\/2023\/03\/26-768x768.png 768w, https:\/\/jf-project.de\/wp-content\/uploads\/2023\/03\/26-12x12.png 12w, https:\/\/jf-project.de\/wp-content\/uploads\/2023\/03\/26.png 1080w\" sizes=\"(max-width: 800px) 100vw, 800px\" \/>\t\t\t\t\t\t\t\t\t\t\t\t\t\t\t<\/div>\n\t\t\t\t<\/div>\n\t\t\t\t<div class=\"elementor-element elementor-element-92e25bc elementor-widget elementor-widget-heading\" data-id=\"92e25bc\" data-element_type=\"widget\" data-e-type=\"widget\" data-widget_type=\"heading.default\">\n\t\t\t\t<div class=\"elementor-widget-container\">\n\t\t\t\t\t<h2 class=\"elementor-heading-title elementor-size-default\">Mobile working<\/h2>\t\t\t\t<\/div>\n\t\t\t\t<\/div>\n\t\t\t\t<\/div>\n\t\t<div class=\"elementor-element elementor-element-41101db e-con-full e-flex elementor-invisible e-con e-parent\" data-id=\"41101db\" data-element_type=\"container\" data-e-type=\"container\" data-settings=\"{&quot;animation&quot;:&quot;fadeInUp&quot;}\">\n\t\t\t\t<div class=\"elementor-element elementor-element-7b42a20 elementor-widget elementor-widget-image\" data-id=\"7b42a20\" data-element_type=\"widget\" data-e-type=\"widget\" data-widget_type=\"image.default\">\n\t\t\t\t<div class=\"elementor-widget-container\">\n\t\t\t\t\t\t\t\t\t\t\t\t\t\t\t<img loading=\"lazy\" decoding=\"async\" width=\"800\" height=\"800\" src=\"https:\/\/jf-project.de\/wp-content\/uploads\/2023\/03\/27-1024x1024.png\" class=\"attachment-large size-large wp-image-628\" alt=\"\" srcset=\"https:\/\/jf-project.de\/wp-content\/uploads\/2023\/03\/27-1024x1024.png 1024w, https:\/\/jf-project.de\/wp-content\/uploads\/2023\/03\/27-300x300.png 300w, https:\/\/jf-project.de\/wp-content\/uploads\/2023\/03\/27-150x150.png 150w, https:\/\/jf-project.de\/wp-content\/uploads\/2023\/03\/27-768x768.png 768w, https:\/\/jf-project.de\/wp-content\/uploads\/2023\/03\/27-12x12.png 12w, https:\/\/jf-project.de\/wp-content\/uploads\/2023\/03\/27.png 1080w\" sizes=\"(max-width: 800px) 100vw, 800px\" \/>\t\t\t\t\t\t\t\t\t\t\t\t\t\t\t<\/div>\n\t\t\t\t<\/div>\n\t\t\t\t<div class=\"elementor-element elementor-element-2c10142 elementor-widget elementor-widget-heading\" data-id=\"2c10142\" data-element_type=\"widget\" data-e-type=\"widget\" data-widget_type=\"heading.default\">\n\t\t\t\t<div class=\"elementor-widget-container\">\n\t\t\t\t\t<h2 class=\"elementor-heading-title elementor-size-default\">Getr\u00e4nke &amp; Snacks<\/h2>\t\t\t\t<\/div>\n\t\t\t\t<\/div>\n\t\t\t\t<\/div>\n\t\t\t\t\t<\/div>\n\t\t\t\t<\/div>\n\t\t\t\t\t<\/div>\n\t\t\t\t<\/div>\n\t\t<div class=\"elementor-element elementor-element-64707ff e-flex e-con-boxed elementor-invisible e-con e-parent\" data-id=\"64707ff\" data-element_type=\"container\" data-e-type=\"container\" id=\"stellen\" data-settings=\"{&quot;animation&quot;:&quot;fadeIn&quot;}\">\n\t\t\t\t\t<div class=\"e-con-inner\">\n\t\t\t\t<div class=\"elementor-element elementor-element-73986bb elementor-widget elementor-widget-heading\" data-id=\"73986bb\" data-element_type=\"widget\" data-e-type=\"widget\" data-widget_type=\"heading.default\">\n\t\t\t\t<div class=\"elementor-widget-container\">\n\t\t\t\t\t<h2 class=\"elementor-heading-title elementor-size-default\">VACANT POSITIONS<\/h2>\t\t\t\t<\/div>\n\t\t\t\t<\/div>\n\t\t\t\t<div class=\"elementor-element elementor-element-39da230 elementor-widget elementor-widget-jet-listing-grid\" data-id=\"39da230\" data-element_type=\"widget\" data-e-type=\"widget\" data-settings=\"{&quot;columns&quot;:&quot;1&quot;}\" data-widget_type=\"jet-listing-grid.default\">\n\t\t\t\t<div class=\"elementor-widget-container\">\n\t\t\t\t\t<div class=\"jet-listing-grid jet-listing\"><div class=\"jet-listing-not-found jet-listing-grid__items\" data-nav=\"{&quot;enabled&quot;:false,&quot;type&quot;:null,&quot;more_el&quot;:null,&quot;query&quot;:[],&quot;widget_settings&quot;:{&quot;lisitng_id&quot;:472,&quot;posts_num&quot;:6,&quot;columns&quot;:1,&quot;columns_tablet&quot;:1,&quot;columns_mobile&quot;:1,&quot;is_archive_template&quot;:&quot;&quot;,&quot;post_status&quot;:[&quot;publish&quot;],&quot;use_random_posts_num&quot;:&quot;&quot;,&quot;max_posts_num&quot;:9,&quot;not_found_message&quot;:&quot;Derzeit haben wir leider keine offenen Stellen.&quot;,&quot;is_masonry&quot;:false,&quot;equal_columns_height&quot;:&quot;&quot;,&quot;use_load_more&quot;:&quot;&quot;,&quot;load_more_id&quot;:&quot;&quot;,&quot;load_more_type&quot;:&quot;click&quot;,&quot;load_more_offset&quot;:{&quot;unit&quot;:&quot;px&quot;,&quot;size&quot;:0,&quot;sizes&quot;:[]},&quot;use_custom_post_types&quot;:&quot;&quot;,&quot;custom_post_types&quot;:[],&quot;hide_widget_if&quot;:&quot;&quot;,&quot;carousel_enabled&quot;:&quot;&quot;,&quot;slides_to_scroll&quot;:&quot;1&quot;,&quot;arrows&quot;:&quot;true&quot;,&quot;arrow_icon&quot;:&quot;fa fa-angle-left&quot;,&quot;dots&quot;:&quot;&quot;,&quot;autoplay&quot;:&quot;true&quot;,&quot;autoplay_speed&quot;:5000,&quot;infinite&quot;:&quot;true&quot;,&quot;center_mode&quot;:&quot;&quot;,&quot;effect&quot;:&quot;slide&quot;,&quot;speed&quot;:500,&quot;inject_alternative_items&quot;:&quot;&quot;,&quot;injection_items&quot;:[],&quot;scroll_slider_enabled&quot;:&quot;&quot;,&quot;scroll_slider_on&quot;:[&quot;desktop&quot;,&quot;tablet&quot;,&quot;mobile&quot;],&quot;custom_query&quot;:false,&quot;custom_query_id&quot;:&quot;&quot;,&quot;_element_id&quot;:&quot;&quot;}}\" >Unfortunately, we do not have any vacant positions at the moment.<\/div><\/div>\t\t\t\t<\/div>\n\t\t\t\t<\/div>\n\t\t\t\t\t<\/div>\n\t\t\t\t<\/div>\n\t\t\t\t<\/div>","protected":false},"excerpt":{"rendered":"<p>Karriere WIR SUCHEN VERST\u00c4RKUNG! Als wachsendes Unternehmen sind wir st\u00e4ndig auf der Suche nach engagierten Mitarbeiterinnen und Mitarbeitern. Auf dieser Seite sehen Sie unsere derzeit verf\u00fcgbaren Jobangebote. Sie k\u00f6nnen sich au\u00dferdem jederzeit initiativ bei uns bewerben. Bitte schicken Sie uns hierzu Ihre aussagekr\u00e4ftigen Unterlagen per E-Mail. JETZT BEWERBEN DAS BIETEN WIR IHNEN Flexible Arbeitszeiten Flache [&hellip;]<\/p>","protected":false},"author":3,"featured_media":0,"parent":0,"menu_order":0,"comment_status":"closed","ping_status":"closed","template":"","meta":{"footnotes":""},"class_list":["post-24","page","type-page","status-publish","hentry"],"_links":{"self":[{"href":"https:\/\/jf-project.de\/en\/wp-json\/wp\/v2\/pages\/24","targetHints":{"allow":["GET"]}}],"collection":[{"href":"https:\/\/jf-project.de\/en\/wp-json\/wp\/v2\/pages"}],"about":[{"href":"https:\/\/jf-project.de\/en\/wp-json\/wp\/v2\/types\/page"}],"author":[{"embeddable":true,"href":"https:\/\/jf-project.de\/en\/wp-json\/wp\/v2\/users\/3"}],"replies":[{"embeddable":true,"href":"https:\/\/jf-project.de\/en\/wp-json\/wp\/v2\/comments?post=24"}],"version-history":[{"count":67,"href":"https:\/\/jf-project.de\/en\/wp-json\/wp\/v2\/pages\/24\/revisions"}],"predecessor-version":[{"id":1113,"href":"https:\/\/jf-project.de\/en\/wp-json\/wp\/v2\/pages\/24\/revisions\/1113"}],"wp:attachment":[{"href":"https:\/\/jf-project.de\/en\/wp-json\/wp\/v2\/media?parent=24"}],"curies":[{"name":"wp","href":"https:\/\/api.w.org\/{rel}","templated":true}]}}