{"id":26,"date":"2023-02-20T11:10:00","date_gmt":"2023-02-20T11:10:00","guid":{"rendered":"http:\/\/jf-project.de\/?page_id=26"},"modified":"2025-05-14T08:14:59","modified_gmt":"2025-05-14T08:14:59","slug":"ueber-uns","status":"publish","type":"page","link":"https:\/\/jf-project.de\/en\/ueber-uns\/","title":{"rendered":"About Us"},"content":{"rendered":"<div data-elementor-type=\"wp-page\" data-elementor-id=\"26\" class=\"elementor elementor-26\" data-elementor-post-type=\"page\">\n\t\t\t\t<div class=\"elementor-element elementor-element-2b83f54 e-flex e-con-boxed e-con e-parent\" data-id=\"2b83f54\" data-element_type=\"container\" data-e-type=\"container\" data-settings=\"{&quot;background_background&quot;:&quot;classic&quot;}\">\n\t\t\t\t\t<div class=\"e-con-inner\">\n\t\t\t\t<div class=\"elementor-element elementor-element-c1a43b3 elementor-widget elementor-widget-heading\" data-id=\"c1a43b3\" data-element_type=\"widget\" data-e-type=\"widget\" data-widget_type=\"heading.default\">\n\t\t\t\t<div class=\"elementor-widget-container\">\n\t\t\t\t\t<h2 class=\"elementor-heading-title elementor-size-default\">About Us<\/h2>\t\t\t\t<\/div>\n\t\t\t\t<\/div>\n\t\t\t\t\t<\/div>\n\t\t\t\t<\/div>\n\t\t<div class=\"elementor-element elementor-element-9476782 e-flex e-con-boxed elementor-invisible e-con e-parent\" data-id=\"9476782\" data-element_type=\"container\" data-e-type=\"container\" data-settings=\"{&quot;animation&quot;:&quot;fadeInDown&quot;}\">\n\t\t\t\t\t<div class=\"e-con-inner\">\n\t\t\t\t<div class=\"elementor-element elementor-element-de55274 elementor-widget elementor-widget-text-editor\" data-id=\"de55274\" data-element_type=\"widget\" data-e-type=\"widget\" data-widget_type=\"text-editor.default\">\n\t\t\t\t<div class=\"elementor-widget-container\">\n\t\t\t\t\t\t\t\t\t<p>Wir stehen f\u00fcr Schnelligkeit, Zuverl\u00e4ssigkeit und Professionalit\u00e4t. F\u00fcr uns sind eine exzellente Kundenorientierung sowie Seriosit\u00e4t und Integrit\u00e4t die elementaren Bausteine unserer Unternehmensphilosophie. Eine gute Erreichbarkeit f\u00fcr unsere Kunden ist f\u00fcr uns ebenfalls sehr wichtig. Wir zeichnen uns insbesondere durch eine unkomplizierte und z\u00fcgige Abwicklung von Immobiliengesuchen und -verk\u00e4ufen aus. Aufgrund unserer jahrelangen Erfahrungen bieten wir unseren Kunden und Gesch\u00e4ftspartnern ein hohes Ma\u00df an Expertise.<\/p>\t\t\t\t\t\t\t\t<\/div>\n\t\t\t\t<\/div>\n\t\t\t\t\t<\/div>\n\t\t\t\t<\/div>\n\t\t<div class=\"elementor-element elementor-element-4c0b770 e-flex e-con-boxed e-con e-parent\" data-id=\"4c0b770\" data-element_type=\"container\" data-e-type=\"container\">\n\t\t\t\t\t<div class=\"e-con-inner\">\n\t\t\t\t<div class=\"elementor-element elementor-element-0449675 elementor-widget__width-initial elementor-hidden-tablet elementor-hidden-mobile elementor-invisible elementor-widget elementor-widget-heading\" data-id=\"0449675\" data-element_type=\"widget\" data-e-type=\"widget\" data-settings=\"{&quot;_animation&quot;:&quot;fadeInDown&quot;}\" data-widget_type=\"heading.default\">\n\t\t\t\t<div class=\"elementor-widget-container\">\n\t\t\t\t\t<h2 class=\"elementor-heading-title elementor-size-default\">OUR TEAM<\/h2>\t\t\t\t<\/div>\n\t\t\t\t<\/div>\n\t\t<div class=\"elementor-element elementor-element-4621c61 e-flex e-con-boxed e-con e-parent\" data-id=\"4621c61\" data-element_type=\"container\" data-e-type=\"container\">\n\t\t\t\t\t<div class=\"e-con-inner\">\n\t\t<div class=\"elementor-element elementor-element-ec6aa96 e-flex e-con-boxed elementor-invisible e-con e-parent\" data-id=\"ec6aa96\" data-element_type=\"container\" data-e-type=\"container\" data-settings=\"{&quot;animation&quot;:&quot;fadeInRight&quot;}\">\n\t\t\t\t\t<div class=\"e-con-inner\">\n\t\t\t\t<div class=\"elementor-element elementor-element-29963af elementor-widget elementor-widget-image\" data-id=\"29963af\" data-element_type=\"widget\" data-e-type=\"widget\" data-widget_type=\"image.default\">\n\t\t\t\t<div class=\"elementor-widget-container\">\n\t\t\t\t\t\t\t\t\t\t\t\t\t\t\t<img fetchpriority=\"high\" decoding=\"async\" width=\"683\" height=\"1024\" src=\"https:\/\/jf-project.de\/wp-content\/uploads\/2023\/07\/DSC02878-Bearbeitet-683x1024.webp\" class=\"attachment-large size-large wp-image-1042\" alt=\"Frank Schulze\" srcset=\"https:\/\/jf-project.de\/wp-content\/uploads\/2023\/07\/DSC02878-Bearbeitet-683x1024.webp 683w, https:\/\/jf-project.de\/wp-content\/uploads\/2023\/07\/DSC02878-Bearbeitet-200x300.webp 200w, https:\/\/jf-project.de\/wp-content\/uploads\/2023\/07\/DSC02878-Bearbeitet-768x1152.webp 768w, https:\/\/jf-project.de\/wp-content\/uploads\/2023\/07\/DSC02878-Bearbeitet-1024x1536.webp 1024w, https:\/\/jf-project.de\/wp-content\/uploads\/2023\/07\/DSC02878-Bearbeitet-1365x2048.webp 1365w, https:\/\/jf-project.de\/wp-content\/uploads\/2023\/07\/DSC02878-Bearbeitet-8x12.webp 8w, https:\/\/jf-project.de\/wp-content\/uploads\/2023\/07\/DSC02878-Bearbeitet-scaled.webp 1707w\" sizes=\"(max-width: 683px) 100vw, 683px\" \/>\t\t\t\t\t\t\t\t\t\t\t\t\t\t\t<\/div>\n\t\t\t\t<\/div>\n\t\t\t\t<div class=\"elementor-element elementor-element-5141ad2 elementor-widget elementor-widget-text-editor\" data-id=\"5141ad2\" data-element_type=\"widget\" data-e-type=\"widget\" data-widget_type=\"text-editor.default\">\n\t\t\t\t<div class=\"elementor-widget-container\">\n\t\t\t\t\t\t\t\t\t<p>Managing Director<\/p>\t\t\t\t\t\t\t\t<\/div>\n\t\t\t\t<\/div>\n\t\t\t\t<div class=\"elementor-element elementor-element-c7c3917 elementor-widget elementor-widget-heading\" data-id=\"c7c3917\" data-element_type=\"widget\" data-e-type=\"widget\" data-widget_type=\"heading.default\">\n\t\t\t\t<div class=\"elementor-widget-container\">\n\t\t\t\t\t<h2 class=\"elementor-heading-title elementor-size-default\">FRANK SCHULZE<\/h2>\t\t\t\t<\/div>\n\t\t\t\t<\/div>\n\t\t\t\t<div class=\"elementor-element elementor-element-a8d16a7 elementor-widget elementor-widget-text-editor\" data-id=\"a8d16a7\" data-element_type=\"widget\" data-e-type=\"widget\" data-widget_type=\"text-editor.default\">\n\t\t\t\t<div class=\"elementor-widget-container\">\n\t\t\t\t\t\t\t\t\t<p>Phone: <span id=\"page7R_mcid30\" class=\"markedContent\"><span dir=\"ltr\" role=\"presentation\">+49-30-20965279-1<\/span><\/span><br \/>Email: <a href=\"mailto:info@jf-project-invest.de\">info@jf-project-invest.de<\/a><\/p>\t\t\t\t\t\t\t\t<\/div>\n\t\t\t\t<\/div>\n\t\t\t\t<div class=\"elementor-element elementor-element-624bae1 elementor-widget elementor-widget-text-editor\" data-id=\"624bae1\" data-element_type=\"widget\" data-e-type=\"widget\" data-widget_type=\"text-editor.default\">\n\t\t\t\t<div class=\"elementor-widget-container\">\n\t\t\t\t\t\t\t\t\t<p>Frank Schulze is a managing director of JF Project Invest GmbH. Frank has considerable experience in the real estate industry. In particular, he is known as a sales specialist for listed properties. In the last few years, Frank Schulze has built up solid expertise, especially in purchasing and real estate project management.<\/p>\t\t\t\t\t\t\t\t<\/div>\n\t\t\t\t<\/div>\n\t\t\t\t\t<\/div>\n\t\t\t\t<\/div>\n\t\t\t\t\t<\/div>\n\t\t\t\t<\/div>\n\t\t\t\t\t<\/div>\n\t\t\t\t<\/div>\n\t\t<div class=\"elementor-element elementor-element-3efdd6b e-flex e-con-boxed e-con e-parent\" data-id=\"3efdd6b\" data-element_type=\"container\" data-e-type=\"container\">\n\t\t\t\t\t<div class=\"e-con-inner\">\n\t\t<div class=\"elementor-element elementor-element-c3fddeb e-con-full e-flex elementor-invisible e-con e-parent\" data-id=\"c3fddeb\" data-element_type=\"container\" data-e-type=\"container\" data-settings=\"{&quot;animation&quot;:&quot;fadeInLeft&quot;}\">\n\t\t\t\t<div class=\"elementor-element elementor-element-7666fe0 elementor-widget__width-initial elementor-hidden-tablet elementor-hidden-mobile elementor-widget elementor-widget-heading\" data-id=\"7666fe0\" data-element_type=\"widget\" data-e-type=\"widget\" data-widget_type=\"heading.default\">\n\t\t\t\t<div class=\"elementor-widget-container\">\n\t\t\t\t\t<h2 class=\"elementor-heading-title elementor-size-default\">OUR PHILOSOPHY<\/h2>\t\t\t\t<\/div>\n\t\t\t\t<\/div>\n\t\t\t\t<div class=\"elementor-element elementor-element-0b94125 elementor-hidden-desktop elementor-widget elementor-widget-heading\" data-id=\"0b94125\" data-element_type=\"widget\" data-e-type=\"widget\" data-widget_type=\"heading.default\">\n\t\t\t\t<div class=\"elementor-widget-container\">\n\t\t\t\t\t<h2 class=\"elementor-heading-title elementor-size-default\">OUR PHILOSOPHY<\/h2>\t\t\t\t<\/div>\n\t\t\t\t<\/div>\n\t\t\t\t<div class=\"elementor-element elementor-element-5c80a0b elementor-widget elementor-widget-text-editor\" data-id=\"5c80a0b\" data-element_type=\"widget\" data-e-type=\"widget\" data-widget_type=\"text-editor.default\">\n\t\t\t\t<div class=\"elementor-widget-container\">\n\t\t\t\t\t\t\t\t\t<p>Timeless real estate for generations<\/p><p>We aim to develop and create living space with considerable sustainable and innovative value. Value can be generated over decades only if you think beyond the horizon and strive to exceed requirements of clients. This is our top priority for every property.<\/p>\t\t\t\t\t\t\t\t<\/div>\n\t\t\t\t<\/div>\n\t\t\t\t<div class=\"elementor-element elementor-element-1ef45b0 elementor-mobile-align-center elementor-widget elementor-widget-button\" data-id=\"1ef45b0\" data-element_type=\"widget\" data-e-type=\"widget\" data-widget_type=\"button.default\">\n\t\t\t\t<div class=\"elementor-widget-container\">\n\t\t\t\t\t\t\t\t\t<div class=\"elementor-button-wrapper\">\n\t\t\t\t\t<a class=\"elementor-button elementor-button-link elementor-size-sm\" href=\"http:\/\/jf-project.de\/en\/ankaufsprofil\/\">\n\t\t\t\t\t\t<span class=\"elementor-button-content-wrapper\">\n\t\t\t\t\t\t\t\t\t<span class=\"elementor-button-text\">PURCHASE PROFILE<\/span>\n\t\t\t\t\t<\/span>\n\t\t\t\t\t<\/a>\n\t\t\t\t<\/div>\n\t\t\t\t\t\t\t\t<\/div>\n\t\t\t\t<\/div>\n\t\t\t\t<\/div>\n\t\t\t\t<div class=\"elementor-element elementor-element-58f43a3 elementor-widget__width-initial elementor-widget-mobile__width-inherit elementor-invisible elementor-widget elementor-widget-image\" data-id=\"58f43a3\" data-element_type=\"widget\" data-e-type=\"widget\" data-settings=\"{&quot;_animation&quot;:&quot;fadeInRight&quot;}\" data-widget_type=\"image.default\">\n\t\t\t\t<div class=\"elementor-widget-container\">\n\t\t\t\t\t\t\t\t\t\t\t\t\t\t\t<img decoding=\"async\" width=\"768\" height=\"768\" src=\"https:\/\/jf-project.de\/wp-content\/uploads\/2023\/04\/28-768x768.png\" class=\"attachment-medium_large size-medium_large wp-image-979\" alt=\"JF Project Invest Standorte Karte\" srcset=\"https:\/\/jf-project.de\/wp-content\/uploads\/2023\/04\/28-768x768.png 768w, https:\/\/jf-project.de\/wp-content\/uploads\/2023\/04\/28-300x300.png 300w, https:\/\/jf-project.de\/wp-content\/uploads\/2023\/04\/28-1024x1024.png 1024w, https:\/\/jf-project.de\/wp-content\/uploads\/2023\/04\/28-150x150.png 150w, https:\/\/jf-project.de\/wp-content\/uploads\/2023\/04\/28-12x12.png 12w, https:\/\/jf-project.de\/wp-content\/uploads\/2023\/04\/28.png 1080w\" sizes=\"(max-width: 768px) 100vw, 768px\" \/>\t\t\t\t\t\t\t\t\t\t\t\t\t\t\t<\/div>\n\t\t\t\t<\/div>\n\t\t\t\t\t<\/div>\n\t\t\t\t<\/div>\n\t\t\t\t<\/div>","protected":false},"excerpt":{"rendered":"<p>\u00dcber uns Wir stehen f\u00fcr Schnelligkeit, Zuverl\u00e4ssigkeit und Professionalit\u00e4t. F\u00fcr uns sind eine exzellente Kundenorientierung sowie Seriosit\u00e4t und Integrit\u00e4t die elementaren Bausteine unserer Unternehmensphilosophie. Eine gute Erreichbarkeit f\u00fcr unsere Kunden ist f\u00fcr uns ebenfalls sehr wichtig. Wir zeichnen uns insbesondere durch eine unkomplizierte und z\u00fcgige Abwicklung von Immobiliengesuchen und -verk\u00e4ufen aus. Aufgrund unserer jahrelangen Erfahrungen [&hellip;]<\/p>","protected":false},"author":3,"featured_media":0,"parent":0,"menu_order":0,"comment_status":"closed","ping_status":"closed","template":"","meta":{"footnotes":""},"class_list":["post-26","page","type-page","status-publish","hentry"],"_links":{"self":[{"href":"https:\/\/jf-project.de\/en\/wp-json\/wp\/v2\/pages\/26","targetHints":{"allow":["GET"]}}],"collection":[{"href":"https:\/\/jf-project.de\/en\/wp-json\/wp\/v2\/pages"}],"about":[{"href":"https:\/\/jf-project.de\/en\/wp-json\/wp\/v2\/types\/page"}],"author":[{"embeddable":true,"href":"https:\/\/jf-project.de\/en\/wp-json\/wp\/v2\/users\/3"}],"replies":[{"embeddable":true,"href":"https:\/\/jf-project.de\/en\/wp-json\/wp\/v2\/comments?post=26"}],"version-history":[{"count":64,"href":"https:\/\/jf-project.de\/en\/wp-json\/wp\/v2\/pages\/26\/revisions"}],"predecessor-version":[{"id":1110,"href":"https:\/\/jf-project.de\/en\/wp-json\/wp\/v2\/pages\/26\/revisions\/1110"}],"wp:attachment":[{"href":"https:\/\/jf-project.de\/en\/wp-json\/wp\/v2\/media?parent=26"}],"curies":[{"name":"wp","href":"https:\/\/api.w.org\/{rel}","templated":true}]}}