{"id":31,"date":"2023-02-20T11:14:00","date_gmt":"2023-02-20T11:14:00","guid":{"rendered":"http:\/\/jf-project.de\/?page_id=31"},"modified":"2025-05-23T10:51:04","modified_gmt":"2025-05-23T10:51:04","slug":"home","status":"publish","type":"page","link":"https:\/\/jf-project.de\/en\/","title":{"rendered":"Home"},"content":{"rendered":"<div data-elementor-type=\"wp-page\" data-elementor-id=\"31\" class=\"elementor elementor-31\" data-elementor-post-type=\"page\">\n\t\t\t\t<div class=\"elementor-element elementor-element-c4d2a00 e-flex e-con-boxed e-con e-parent\" data-id=\"c4d2a00\" data-element_type=\"container\" data-e-type=\"container\" data-settings=\"{&quot;background_background&quot;:&quot;classic&quot;}\">\n\t\t\t\t\t<div class=\"e-con-inner\">\n\t\t\t\t<div class=\"elementor-element elementor-element-578c1fe elementor-invisible elementor-widget elementor-widget-heading\" data-id=\"578c1fe\" data-element_type=\"widget\" data-e-type=\"widget\" data-settings=\"{&quot;_animation&quot;:&quot;fadeInUp&quot;}\" data-widget_type=\"heading.default\">\n\t\t\t\t<div class=\"elementor-widget-container\">\n\t\t\t\t\t<h2 class=\"elementor-heading-title elementor-size-default\">ANKAUF &amp; PROJEKTENTWICKLUNG\nVON IMMOBILIEN &amp; GRUNDST\u00dcCKEN<\/h2>\t\t\t\t<\/div>\n\t\t\t\t<\/div>\n\t\t\t\t<div class=\"elementor-element elementor-element-0c8f183 elementor-invisible elementor-widget elementor-widget-button\" data-id=\"0c8f183\" data-element_type=\"widget\" data-e-type=\"widget\" data-settings=\"{&quot;_animation&quot;:&quot;fadeInDown&quot;}\" data-widget_type=\"button.default\">\n\t\t\t\t<div class=\"elementor-widget-container\">\n\t\t\t\t\t\t\t\t\t<div class=\"elementor-button-wrapper\">\n\t\t\t\t\t<a class=\"elementor-button elementor-button-link elementor-size-sm\" href=\"http:\/\/jf-project.de\/en\/anfrage\/\">\n\t\t\t\t\t\t<span class=\"elementor-button-content-wrapper\">\n\t\t\t\t\t\t\t\t\t<span class=\"elementor-button-text\">INQUIRY<\/span>\n\t\t\t\t\t<\/span>\n\t\t\t\t\t<\/a>\n\t\t\t\t<\/div>\n\t\t\t\t\t\t\t\t<\/div>\n\t\t\t\t<\/div>\n\t\t\t\t\t<\/div>\n\t\t\t\t<\/div>\n\t\t<div class=\"elementor-element elementor-element-8aee863 e-flex e-con-boxed e-con e-parent\" data-id=\"8aee863\" data-element_type=\"container\" data-e-type=\"container\">\n\t\t\t\t\t<div class=\"e-con-inner\">\n\t\t<div class=\"elementor-element elementor-element-5baf428 e-con-full e-flex elementor-invisible e-con e-child\" data-id=\"5baf428\" data-element_type=\"container\" data-e-type=\"container\" data-settings=\"{&quot;animation&quot;:&quot;fadeInLeft&quot;}\">\n\t\t<div class=\"elementor-element elementor-element-1fd5bb4 e-con-full e-flex e-con e-child\" data-id=\"1fd5bb4\" data-element_type=\"container\" data-e-type=\"container\">\n\t\t\t\t<div class=\"elementor-element elementor-element-dd9c82a elementor-widget elementor-widget-image\" data-id=\"dd9c82a\" data-element_type=\"widget\" data-e-type=\"widget\" data-widget_type=\"image.default\">\n\t\t\t\t<div class=\"elementor-widget-container\">\n\t\t\t\t\t\t\t\t\t\t\t\t\t\t\t<img decoding=\"async\" width=\"94\" height=\"94\" src=\"https:\/\/jf-project.de\/wp-content\/uploads\/2023\/02\/JF-Project-Invest_Bildmarke.png\" class=\"attachment-large size-large wp-image-615\" alt=\"\" srcset=\"https:\/\/jf-project.de\/wp-content\/uploads\/2023\/02\/JF-Project-Invest_Bildmarke.png 94w, https:\/\/jf-project.de\/wp-content\/uploads\/2023\/02\/JF-Project-Invest_Bildmarke-12x12.png 12w\" sizes=\"(max-width: 94px) 100vw, 94px\" \/>\t\t\t\t\t\t\t\t\t\t\t\t\t\t\t<\/div>\n\t\t\t\t<\/div>\n\t\t\t\t<div class=\"elementor-element elementor-element-03db8e5 elementor-widget elementor-widget-heading\" data-id=\"03db8e5\" data-element_type=\"widget\" data-e-type=\"widget\" data-widget_type=\"heading.default\">\n\t\t\t\t<div class=\"elementor-widget-container\">\n\t\t\t\t\t<h2 class=\"elementor-heading-title elementor-size-default\">Enthusiasm has a name<\/h2>\t\t\t\t<\/div>\n\t\t\t\t<\/div>\n\t\t\t\t<\/div>\n\t\t\t\t<div class=\"elementor-element elementor-element-ae661d9 elementor-widget elementor-widget-text-editor\" data-id=\"ae661d9\" data-element_type=\"widget\" data-e-type=\"widget\" data-widget_type=\"text-editor.default\">\n\t\t\t\t<div class=\"elementor-widget-container\">\n\t\t\t\t\t\t\t\t\t<p>Welcome to JF Project Invest GmbH. Our core business is the acquisition, development, and portfolio management of real estate and land. We operate throughout Germany with a focus on the metropolitan regions of Berlin, D\u00fcsseldorf, Hamburg, and Leipzig. We set ourselves apart through sound experience and long-term business relationships in the industry.<\/p>\t\t\t\t\t\t\t\t<\/div>\n\t\t\t\t<\/div>\n\t\t\t\t<div class=\"elementor-element elementor-element-7b3c6d7 elementor-mobile-align-center elementor-widget elementor-widget-button\" data-id=\"7b3c6d7\" data-element_type=\"widget\" data-e-type=\"widget\" data-widget_type=\"button.default\">\n\t\t\t\t<div class=\"elementor-widget-container\">\n\t\t\t\t\t\t\t\t\t<div class=\"elementor-button-wrapper\">\n\t\t\t\t\t<a class=\"elementor-button elementor-button-link elementor-size-sm\" href=\"http:\/\/jf-project.de\/en\/ankaufsprofil\/\">\n\t\t\t\t\t\t<span class=\"elementor-button-content-wrapper\">\n\t\t\t\t\t\t\t\t\t<span class=\"elementor-button-text\">PURCHASE PROFILE<\/span>\n\t\t\t\t\t<\/span>\n\t\t\t\t\t<\/a>\n\t\t\t\t<\/div>\n\t\t\t\t\t\t\t\t<\/div>\n\t\t\t\t<\/div>\n\t\t\t\t<\/div>\n\t\t\t\t<div class=\"elementor-element elementor-element-02eb227 elementor-widget__width-initial elementor-widget-mobile__width-inherit elementor-invisible elementor-widget elementor-widget-image\" data-id=\"02eb227\" data-element_type=\"widget\" data-e-type=\"widget\" data-settings=\"{&quot;_animation&quot;:&quot;fadeInRight&quot;}\" data-widget_type=\"image.default\">\n\t\t\t\t<div class=\"elementor-widget-container\">\n\t\t\t\t\t\t\t\t\t\t\t\t\t\t\t<img fetchpriority=\"high\" decoding=\"async\" width=\"768\" height=\"512\" src=\"https:\/\/jf-project.de\/wp-content\/uploads\/2025\/05\/DSC02655-Bearbeitet-Bearbeitet-768x512.webp\" class=\"attachment-medium_large size-medium_large wp-image-1115\" alt=\"\" srcset=\"https:\/\/jf-project.de\/wp-content\/uploads\/2025\/05\/DSC02655-Bearbeitet-Bearbeitet-768x512.webp 768w, https:\/\/jf-project.de\/wp-content\/uploads\/2025\/05\/DSC02655-Bearbeitet-Bearbeitet-300x200.webp 300w, https:\/\/jf-project.de\/wp-content\/uploads\/2025\/05\/DSC02655-Bearbeitet-Bearbeitet-1024x683.webp 1024w, https:\/\/jf-project.de\/wp-content\/uploads\/2025\/05\/DSC02655-Bearbeitet-Bearbeitet-1536x1024.webp 1536w, https:\/\/jf-project.de\/wp-content\/uploads\/2025\/05\/DSC02655-Bearbeitet-Bearbeitet-2048x1365.webp 2048w, https:\/\/jf-project.de\/wp-content\/uploads\/2025\/05\/DSC02655-Bearbeitet-Bearbeitet-18x12.webp 18w\" sizes=\"(max-width: 768px) 100vw, 768px\" \/>\t\t\t\t\t\t\t\t\t\t\t\t\t\t\t<\/div>\n\t\t\t\t<\/div>\n\t\t\t\t\t<\/div>\n\t\t\t\t<\/div>\n\t\t<div class=\"elementor-element elementor-element-24aacf9 e-flex e-con-boxed e-con e-parent\" data-id=\"24aacf9\" data-element_type=\"container\" data-e-type=\"container\">\n\t\t\t\t\t<div class=\"e-con-inner\">\n\t\t\t\t<div class=\"elementor-element elementor-element-58d9412 elementor-widget__width-initial elementor-hidden-tablet elementor-hidden-mobile elementor-invisible elementor-widget elementor-widget-heading\" data-id=\"58d9412\" data-element_type=\"widget\" data-e-type=\"widget\" data-settings=\"{&quot;_animation&quot;:&quot;fadeInLeft&quot;}\" data-widget_type=\"heading.default\">\n\t\t\t\t<div class=\"elementor-widget-container\">\n\t\t\t\t\t<h2 class=\"elementor-heading-title elementor-size-default\">WHAT WE STAND FOR<\/h2>\t\t\t\t<\/div>\n\t\t\t\t<\/div>\n\t\t<div class=\"elementor-element elementor-element-29544f0 e-flex e-con-boxed e-con e-child\" data-id=\"29544f0\" data-element_type=\"container\" data-e-type=\"container\">\n\t\t\t\t\t<div class=\"e-con-inner\">\n\t\t<div class=\"elementor-element elementor-element-813150b e-flex e-con-boxed elementor-invisible e-con e-child\" data-id=\"813150b\" data-element_type=\"container\" data-e-type=\"container\" data-settings=\"{&quot;animation&quot;:&quot;fadeInLeft&quot;}\">\n\t\t\t\t\t<div class=\"e-con-inner\">\n\t\t\t\t<div class=\"elementor-element elementor-element-e78c209 elementor-widget elementor-widget-image\" data-id=\"e78c209\" data-element_type=\"widget\" data-e-type=\"widget\" data-widget_type=\"image.default\">\n\t\t\t\t<div class=\"elementor-widget-container\">\n\t\t\t\t\t\t\t\t\t\t\t\t\t\t\t<img decoding=\"async\" width=\"800\" height=\"800\" src=\"https:\/\/jf-project.de\/wp-content\/uploads\/2023\/03\/20-1024x1024.png\" class=\"attachment-large size-large wp-image-621\" alt=\"\" srcset=\"https:\/\/jf-project.de\/wp-content\/uploads\/2023\/03\/20-1024x1024.png 1024w, https:\/\/jf-project.de\/wp-content\/uploads\/2023\/03\/20-300x300.png 300w, https:\/\/jf-project.de\/wp-content\/uploads\/2023\/03\/20-150x150.png 150w, https:\/\/jf-project.de\/wp-content\/uploads\/2023\/03\/20-768x768.png 768w, https:\/\/jf-project.de\/wp-content\/uploads\/2023\/03\/20-12x12.png 12w, https:\/\/jf-project.de\/wp-content\/uploads\/2023\/03\/20.png 1080w\" sizes=\"(max-width: 800px) 100vw, 800px\" \/>\t\t\t\t\t\t\t\t\t\t\t\t\t\t\t<\/div>\n\t\t\t\t<\/div>\n\t\t\t\t<div class=\"elementor-element elementor-element-5af2267 elementor-widget elementor-widget-heading\" data-id=\"5af2267\" data-element_type=\"widget\" data-e-type=\"widget\" data-widget_type=\"heading.default\">\n\t\t\t\t<div class=\"elementor-widget-container\">\n\t\t\t\t\t<h2 class=\"elementor-heading-title elementor-size-default\">Architectural aspiration <\/h2>\t\t\t\t<\/div>\n\t\t\t\t<\/div>\n\t\t\t\t<div class=\"elementor-element elementor-element-27b7413 elementor-widget elementor-widget-text-editor\" data-id=\"27b7413\" data-element_type=\"widget\" data-e-type=\"widget\" data-widget_type=\"text-editor.default\">\n\t\t\t\t<div class=\"elementor-widget-container\">\n\t\t\t\t\t\t\t\t\t<p>We aim to exceed the expectations set \u2013 especially in terms of design, functionality, and sustainability.<\/p>\t\t\t\t\t\t\t\t<\/div>\n\t\t\t\t<\/div>\n\t\t\t\t\t<\/div>\n\t\t\t\t<\/div>\n\t\t<div class=\"elementor-element elementor-element-77ebf41 e-flex e-con-boxed elementor-invisible e-con e-child\" data-id=\"77ebf41\" data-element_type=\"container\" data-e-type=\"container\" data-settings=\"{&quot;animation&quot;:&quot;fadeInDown&quot;}\">\n\t\t\t\t\t<div class=\"e-con-inner\">\n\t\t\t\t<div class=\"elementor-element elementor-element-b3f853c elementor-widget elementor-widget-image\" data-id=\"b3f853c\" data-element_type=\"widget\" data-e-type=\"widget\" data-widget_type=\"image.default\">\n\t\t\t\t<div class=\"elementor-widget-container\">\n\t\t\t\t\t\t\t\t\t\t\t\t\t\t\t<img loading=\"lazy\" decoding=\"async\" width=\"800\" height=\"800\" src=\"https:\/\/jf-project.de\/wp-content\/uploads\/2023\/03\/21-1024x1024.png\" class=\"attachment-large size-large wp-image-622\" alt=\"\" srcset=\"https:\/\/jf-project.de\/wp-content\/uploads\/2023\/03\/21-1024x1024.png 1024w, https:\/\/jf-project.de\/wp-content\/uploads\/2023\/03\/21-300x300.png 300w, https:\/\/jf-project.de\/wp-content\/uploads\/2023\/03\/21-150x150.png 150w, https:\/\/jf-project.de\/wp-content\/uploads\/2023\/03\/21-768x768.png 768w, https:\/\/jf-project.de\/wp-content\/uploads\/2023\/03\/21-12x12.png 12w, https:\/\/jf-project.de\/wp-content\/uploads\/2023\/03\/21.png 1080w\" sizes=\"(max-width: 800px) 100vw, 800px\" \/>\t\t\t\t\t\t\t\t\t\t\t\t\t\t\t<\/div>\n\t\t\t\t<\/div>\n\t\t\t\t<div class=\"elementor-element elementor-element-7177516 elementor-widget elementor-widget-heading\" data-id=\"7177516\" data-element_type=\"widget\" data-e-type=\"widget\" data-widget_type=\"heading.default\">\n\t\t\t\t<div class=\"elementor-widget-container\">\n\t\t\t\t\t<h2 class=\"elementor-heading-title elementor-size-default\">Trust<\/h2>\t\t\t\t<\/div>\n\t\t\t\t<\/div>\n\t\t\t\t<div class=\"elementor-element elementor-element-c67f2e0 elementor-widget elementor-widget-text-editor\" data-id=\"c67f2e0\" data-element_type=\"widget\" data-e-type=\"widget\" data-widget_type=\"text-editor.default\">\n\t\t\t\t<div class=\"elementor-widget-container\">\n\t\t\t\t\t\t\t\t\t<p>We stand for healthy growth on a stable foundation.<\/p>\t\t\t\t\t\t\t\t<\/div>\n\t\t\t\t<\/div>\n\t\t\t\t\t<\/div>\n\t\t\t\t<\/div>\n\t\t<div class=\"elementor-element elementor-element-5960edd e-flex e-con-boxed elementor-invisible e-con e-child\" data-id=\"5960edd\" data-element_type=\"container\" data-e-type=\"container\" data-settings=\"{&quot;animation&quot;:&quot;fadeInRight&quot;}\">\n\t\t\t\t\t<div class=\"e-con-inner\">\n\t\t\t\t<div class=\"elementor-element elementor-element-8b9b462 elementor-widget elementor-widget-image\" data-id=\"8b9b462\" data-element_type=\"widget\" data-e-type=\"widget\" data-widget_type=\"image.default\">\n\t\t\t\t<div class=\"elementor-widget-container\">\n\t\t\t\t\t\t\t\t\t\t\t\t\t\t\t<img loading=\"lazy\" decoding=\"async\" width=\"800\" height=\"800\" src=\"https:\/\/jf-project.de\/wp-content\/uploads\/2023\/03\/22-1024x1024.png\" class=\"attachment-large size-large wp-image-623\" alt=\"\" srcset=\"https:\/\/jf-project.de\/wp-content\/uploads\/2023\/03\/22-1024x1024.png 1024w, https:\/\/jf-project.de\/wp-content\/uploads\/2023\/03\/22-300x300.png 300w, https:\/\/jf-project.de\/wp-content\/uploads\/2023\/03\/22-150x150.png 150w, https:\/\/jf-project.de\/wp-content\/uploads\/2023\/03\/22-768x768.png 768w, https:\/\/jf-project.de\/wp-content\/uploads\/2023\/03\/22-12x12.png 12w, https:\/\/jf-project.de\/wp-content\/uploads\/2023\/03\/22.png 1080w\" sizes=\"(max-width: 800px) 100vw, 800px\" \/>\t\t\t\t\t\t\t\t\t\t\t\t\t\t\t<\/div>\n\t\t\t\t<\/div>\n\t\t\t\t<div class=\"elementor-element elementor-element-091d43b elementor-widget elementor-widget-heading\" data-id=\"091d43b\" data-element_type=\"widget\" data-e-type=\"widget\" data-widget_type=\"heading.default\">\n\t\t\t\t<div class=\"elementor-widget-container\">\n\t\t\t\t\t<h2 class=\"elementor-heading-title elementor-size-default\">Industry expertise<\/h2>\t\t\t\t<\/div>\n\t\t\t\t<\/div>\n\t\t\t\t<div class=\"elementor-element elementor-element-9e45503 elementor-widget elementor-widget-text-editor\" data-id=\"9e45503\" data-element_type=\"widget\" data-e-type=\"widget\" data-widget_type=\"text-editor.default\">\n\t\t\t\t<div class=\"elementor-widget-container\">\n\t\t\t\t\t\t\t\t\t<p>The right expertise makes all the difference. Through our expertise, we find the optimal solutions. In our projects, it is important that something new can emerge without completely negating traditional values.<\/p>\t\t\t\t\t\t\t\t<\/div>\n\t\t\t\t<\/div>\n\t\t\t\t\t<\/div>\n\t\t\t\t<\/div>\n\t\t\t\t\t<\/div>\n\t\t\t\t<\/div>\n\t\t\t\t\t<\/div>\n\t\t\t\t<\/div>\n\t\t<div class=\"elementor-element elementor-element-7595abf e-flex e-con-boxed e-con e-parent\" data-id=\"7595abf\" data-element_type=\"container\" data-e-type=\"container\">\n\t\t\t\t\t<div class=\"e-con-inner\">\n\t\t\t\t<div class=\"elementor-element elementor-element-fd7dbaa elementor-widget__width-initial elementor-invisible elementor-widget elementor-widget-image\" data-id=\"fd7dbaa\" data-element_type=\"widget\" data-e-type=\"widget\" data-settings=\"{&quot;_animation&quot;:&quot;fadeInLeft&quot;}\" data-widget_type=\"image.default\">\n\t\t\t\t<div class=\"elementor-widget-container\">\n\t\t\t\t\t\t\t\t\t\t\t\t\t\t\t<img loading=\"lazy\" decoding=\"async\" width=\"800\" height=\"416\" src=\"https:\/\/jf-project.de\/wp-content\/uploads\/2023\/04\/Design-ohne-Titel-21-Kopie-1024x533.webp\" class=\"attachment-large size-large wp-image-959\" alt=\"JF Project Invest Luxusimmobilie mit gro\u00dfem Fenster\" srcset=\"https:\/\/jf-project.de\/wp-content\/uploads\/2023\/04\/Design-ohne-Titel-21-Kopie-1024x533.webp 1024w, https:\/\/jf-project.de\/wp-content\/uploads\/2023\/04\/Design-ohne-Titel-21-Kopie-300x156.webp 300w, https:\/\/jf-project.de\/wp-content\/uploads\/2023\/04\/Design-ohne-Titel-21-Kopie-768x400.webp 768w, https:\/\/jf-project.de\/wp-content\/uploads\/2023\/04\/Design-ohne-Titel-21-Kopie-1536x799.webp 1536w, https:\/\/jf-project.de\/wp-content\/uploads\/2023\/04\/Design-ohne-Titel-21-Kopie-2048x1065.webp 2048w, https:\/\/jf-project.de\/wp-content\/uploads\/2023\/04\/Design-ohne-Titel-21-Kopie-18x9.webp 18w\" sizes=\"(max-width: 800px) 100vw, 800px\" \/>\t\t\t\t\t\t\t\t\t\t\t\t\t\t\t<\/div>\n\t\t\t\t<\/div>\n\t\t<div class=\"elementor-element elementor-element-727d39b e-con-full e-flex elementor-invisible e-con e-child\" data-id=\"727d39b\" data-element_type=\"container\" data-e-type=\"container\" data-settings=\"{&quot;animation&quot;:&quot;fadeInRight&quot;}\">\n\t\t\t\t<div class=\"elementor-element elementor-element-82f20e7 elementor-widget elementor-widget-heading\" data-id=\"82f20e7\" data-element_type=\"widget\" data-e-type=\"widget\" data-widget_type=\"heading.default\">\n\t\t\t\t<div class=\"elementor-widget-container\">\n\t\t\t\t\t<h2 class=\"elementor-heading-title elementor-size-default\">ANKAUF VON IMMOBILIEN<\/h2>\t\t\t\t<\/div>\n\t\t\t\t<\/div>\n\t\t\t\t<div class=\"elementor-element elementor-element-9445af9 elementor-widget elementor-widget-heading\" data-id=\"9445af9\" data-element_type=\"widget\" data-e-type=\"widget\" data-widget_type=\"heading.default\">\n\t\t\t\t<div class=\"elementor-widget-container\">\n\t\t\t\t\t<h2 class=\"elementor-heading-title elementor-size-default\">Eine \u00dcbersicht unserer Gesch\u00e4ftsfelder:<\/h2>\t\t\t\t<\/div>\n\t\t\t\t<\/div>\n\t\t\t\t<div class=\"elementor-element elementor-element-235a6cd elementor-widget elementor-widget-text-editor\" data-id=\"235a6cd\" data-element_type=\"widget\" data-e-type=\"widget\" data-widget_type=\"text-editor.default\">\n\t\t\t\t<div class=\"elementor-widget-container\">\n\t\t\t\t\t\t\t\t\t<p>&#8211; Wohnimmobilien: Alt- und Neubau<br \/>&#8211; Gewerbeimmobilien: B\u00fcro, Hotel, Praxen, Kliniken<br \/>&#8211; Ferienimmobilien zur Vermietung und zum Eigennutz<\/p><p>For more information, please see our purchase profile.<\/p>\t\t\t\t\t\t\t\t<\/div>\n\t\t\t\t<\/div>\n\t\t\t\t<div class=\"elementor-element elementor-element-886b2b2 elementor-mobile-align-center elementor-widget elementor-widget-button\" data-id=\"886b2b2\" data-element_type=\"widget\" data-e-type=\"widget\" data-widget_type=\"button.default\">\n\t\t\t\t<div class=\"elementor-widget-container\">\n\t\t\t\t\t\t\t\t\t<div class=\"elementor-button-wrapper\">\n\t\t\t\t\t<a class=\"elementor-button elementor-button-link elementor-size-sm\" href=\"https:\/\/jf-project.de\/en\/ankaufsprofil\/\">\n\t\t\t\t\t\t<span class=\"elementor-button-content-wrapper\">\n\t\t\t\t\t\t\t\t\t<span class=\"elementor-button-text\">PURCHASE PROFILE<\/span>\n\t\t\t\t\t<\/span>\n\t\t\t\t\t<\/a>\n\t\t\t\t<\/div>\n\t\t\t\t\t\t\t\t<\/div>\n\t\t\t\t<\/div>\n\t\t\t\t<\/div>\n\t\t\t\t\t<\/div>\n\t\t\t\t<\/div>\n\t\t\t\t<\/div>","protected":false},"excerpt":{"rendered":"<p>ANKAUF &#038; PROJEKTENTWICKLUNG VON IMMOBILIEN &#038; GRUNDST\u00dcCKEN ANFRAGE Enthusiasm has a name Willkommen bei der JF Project Invest GmbH. Unser Kerngesch\u00e4ft ist der Ankauf, die Entwicklung und Bestandshaltung von Immobilien und Grundst\u00fccken. Wir agieren im gesamten Bundesgebiet mit Fokus auf die Metropolregionen Berlin, D\u00fcsseldorf, Hamburg und Leipzig. Wir zeichnen uns durch fundierte Erfahrungen und langfristige [&hellip;]<\/p>","protected":false},"author":3,"featured_media":0,"parent":0,"menu_order":0,"comment_status":"closed","ping_status":"closed","template":"","meta":{"footnotes":""},"class_list":["post-31","page","type-page","status-publish","hentry"],"_links":{"self":[{"href":"https:\/\/jf-project.de\/en\/wp-json\/wp\/v2\/pages\/31","targetHints":{"allow":["GET"]}}],"collection":[{"href":"https:\/\/jf-project.de\/en\/wp-json\/wp\/v2\/pages"}],"about":[{"href":"https:\/\/jf-project.de\/en\/wp-json\/wp\/v2\/types\/page"}],"author":[{"embeddable":true,"href":"https:\/\/jf-project.de\/en\/wp-json\/wp\/v2\/users\/3"}],"replies":[{"embeddable":true,"href":"https:\/\/jf-project.de\/en\/wp-json\/wp\/v2\/comments?post=31"}],"version-history":[{"count":82,"href":"https:\/\/jf-project.de\/en\/wp-json\/wp\/v2\/pages\/31\/revisions"}],"predecessor-version":[{"id":1118,"href":"https:\/\/jf-project.de\/en\/wp-json\/wp\/v2\/pages\/31\/revisions\/1118"}],"wp:attachment":[{"href":"https:\/\/jf-project.de\/en\/wp-json\/wp\/v2\/media?parent=31"}],"curies":[{"name":"wp","href":"https:\/\/api.w.org\/{rel}","templated":true}]}}