{"id":677,"date":"2023-03-13T08:41:29","date_gmt":"2023-03-13T08:41:29","guid":{"rendered":"http:\/\/jf-project.de\/?page_id=677"},"modified":"2023-04-19T13:38:50","modified_gmt":"2023-04-19T13:38:50","slug":"ankaufsprofil","status":"publish","type":"page","link":"https:\/\/jf-project.de\/en\/ankaufsprofil\/","title":{"rendered":"Purchase Profile"},"content":{"rendered":"<div data-elementor-type=\"wp-page\" data-elementor-id=\"677\" class=\"elementor elementor-677\" data-elementor-post-type=\"page\">\n\t\t\t\t<div class=\"elementor-element elementor-element-7148358 e-flex e-con-boxed e-con e-parent\" data-id=\"7148358\" data-element_type=\"container\" data-e-type=\"container\" data-settings=\"{&quot;background_background&quot;:&quot;classic&quot;}\">\n\t\t\t\t\t<div class=\"e-con-inner\">\n\t\t\t\t<div class=\"elementor-element elementor-element-f1dd55e elementor-widget elementor-widget-heading\" data-id=\"f1dd55e\" data-element_type=\"widget\" data-e-type=\"widget\" data-widget_type=\"heading.default\">\n\t\t\t\t<div class=\"elementor-widget-container\">\n\t\t\t\t\t<h2 class=\"elementor-heading-title elementor-size-default\">Purchase Profile<\/h2>\t\t\t\t<\/div>\n\t\t\t\t<\/div>\n\t\t\t\t\t<\/div>\n\t\t\t\t<\/div>\n\t\t<div class=\"elementor-element elementor-element-a3074d1 e-flex e-con-boxed e-con e-parent\" data-id=\"a3074d1\" data-element_type=\"container\" data-e-type=\"container\">\n\t\t\t\t\t<div class=\"e-con-inner\">\n\t\t<div class=\"elementor-element elementor-element-b58bb4a e-con-full e-flex e-con e-parent\" data-id=\"b58bb4a\" data-element_type=\"container\" data-e-type=\"container\" data-settings=\"{&quot;background_background&quot;:&quot;classic&quot;}\">\n\t\t\t\t<div class=\"elementor-element elementor-element-2991657 elementor-widget elementor-widget-heading\" data-id=\"2991657\" data-element_type=\"widget\" data-e-type=\"widget\" data-widget_type=\"heading.default\">\n\t\t\t\t<div class=\"elementor-widget-container\">\n\t\t\t\t\t<h2 class=\"elementor-heading-title elementor-size-default\">WIR KAUFEN WOHN- &amp; GEWERBEIMMOBILIEN<\/h2>\t\t\t\t<\/div>\n\t\t\t\t<\/div>\n\t\t\t\t<div class=\"elementor-element elementor-element-8db8c3e elementor-widget elementor-widget-text-editor\" data-id=\"8db8c3e\" data-element_type=\"widget\" data-e-type=\"widget\" data-widget_type=\"text-editor.default\">\n\t\t\t\t<div class=\"elementor-widget-container\">\n\t\t\t\t\t\t\t\t\t<p>We guarantee a quick, serious, and uncomplicated transaction. After a successful due diligence, we need a maximum of 48 hours to provide you with a draft purchase agreement through our notary\u2019s office.<\/p><p><strong>Purchase criteria<\/strong><\/p><ul><li>Primary: Berlin, D\u00fcsseldorf, Duisburg, Hamburg, and Leipzig \u2013 Secondary:\nall Germany<\/li><li>Locations: Inner-city and suburban locations; ideally close to public transport.<\/li><li>Residential properties: Land (with and without building rights), properties with partial vacancy for refurbishment, demolition, or<br \/>conversion, properties with potential for redensification (e.g. new building in the courtyard or addition of storeys)<\/li><li>Commercial properties: Land (with and without building rights) for office, hotel, or retail use, properties with partial vacancy for<br \/>redevelopment, demolition, or rezoning, properties with structural optimisation potentia<\/li><li>Volume: selective<\/li><li>Return\/factor\/price per square metre: No specifications because dependent on individual property condition<\/li><\/ul><p><strong><br \/>Exclusion criteria:<\/strong><\/p><ul><li>No forward deals<\/li><li>Keine schl\u00fcsselfertigen Neubauten<\/li><li>No ground lease<\/li><\/ul>\t\t\t\t\t\t\t\t<\/div>\n\t\t\t\t<\/div>\n\t\t\t\t<div class=\"elementor-element elementor-element-e1ba5f9 elementor-align-left elementor-mobile-align-center elementor-widget elementor-widget-button\" data-id=\"e1ba5f9\" data-element_type=\"widget\" data-e-type=\"widget\" data-widget_type=\"button.default\">\n\t\t\t\t<div class=\"elementor-widget-container\">\n\t\t\t\t\t\t\t\t\t<div class=\"elementor-button-wrapper\">\n\t\t\t\t\t<a class=\"elementor-button elementor-button-link elementor-size-sm\" href=\"http:\/\/jf-project.de\/en\/anfrage\/\">\n\t\t\t\t\t\t<span class=\"elementor-button-content-wrapper\">\n\t\t\t\t\t\t\t\t\t<span class=\"elementor-button-text\">INQUIRY NOW<\/span>\n\t\t\t\t\t<\/span>\n\t\t\t\t\t<\/a>\n\t\t\t\t<\/div>\n\t\t\t\t\t\t\t\t<\/div>\n\t\t\t\t<\/div>\n\t\t\t\t<\/div>\n\t\t\t\t\t<\/div>\n\t\t\t\t<\/div>\n\t\t<div class=\"elementor-element elementor-element-e09ea4f e-flex e-con-boxed e-con e-parent\" data-id=\"e09ea4f\" data-element_type=\"container\" data-e-type=\"container\" data-settings=\"{&quot;background_background&quot;:&quot;classic&quot;}\">\n\t\t\t\t\t<div class=\"e-con-inner\">\n\t\t\t\t<div class=\"elementor-element elementor-element-7ab6905 elementor-widget elementor-widget-heading\" data-id=\"7ab6905\" data-element_type=\"widget\" data-e-type=\"widget\" data-widget_type=\"heading.default\">\n\t\t\t\t<div class=\"elementor-widget-container\">\n\t\t\t\t\t<h2 class=\"elementor-heading-title elementor-size-default\">DOWNLOAD PURCHASE PROFILE<\/h2>\t\t\t\t<\/div>\n\t\t\t\t<\/div>\n\t\t\t\t<div class=\"elementor-element elementor-element-bb3dbc2 elementor-widget elementor-widget-text-editor\" data-id=\"bb3dbc2\" data-element_type=\"widget\" data-e-type=\"widget\" data-widget_type=\"text-editor.default\">\n\t\t\t\t<div class=\"elementor-widget-container\">\n\t\t\t\t\t\t\t\t\t<p>Download our purchase profile as a PDF, and contact our team for the purchase of your property.<\/p>\t\t\t\t\t\t\t\t<\/div>\n\t\t\t\t<\/div>\n\t\t<div class=\"elementor-element elementor-element-1c7d0e4 e-flex e-con-boxed e-con e-parent\" data-id=\"1c7d0e4\" data-element_type=\"container\" data-e-type=\"container\">\n\t\t\t\t\t<div class=\"e-con-inner\">\n\t\t\t\t<div class=\"elementor-element elementor-element-98b0831 elementor-mobile-align-justify elementor-widget elementor-widget-button\" data-id=\"98b0831\" data-element_type=\"widget\" data-e-type=\"widget\" data-widget_type=\"button.default\">\n\t\t\t\t<div class=\"elementor-widget-container\">\n\t\t\t\t\t\t\t\t\t<div class=\"elementor-button-wrapper\">\n\t\t\t\t\t<a class=\"elementor-button elementor-button-link elementor-size-sm\" href=\"http:\/\/jf-project.de\/wp-content\/uploads\/2023\/03\/230223-JF-Real-Estate_Ankaufsprofil_final.pdf\">\n\t\t\t\t\t\t<span class=\"elementor-button-content-wrapper\">\n\t\t\t\t\t\t\t\t\t<span class=\"elementor-button-text\">PURCHASE PROFILE<\/span>\n\t\t\t\t\t<\/span>\n\t\t\t\t\t<\/a>\n\t\t\t\t<\/div>\n\t\t\t\t\t\t\t\t<\/div>\n\t\t\t\t<\/div>\n\t\t\t\t<div class=\"elementor-element elementor-element-6c4443f elementor-mobile-align-justify elementor-widget elementor-widget-button\" data-id=\"6c4443f\" data-element_type=\"widget\" data-e-type=\"widget\" data-widget_type=\"button.default\">\n\t\t\t\t<div class=\"elementor-widget-container\">\n\t\t\t\t\t\t\t\t\t<div class=\"elementor-button-wrapper\">\n\t\t\t\t\t<a class=\"elementor-button elementor-button-link elementor-size-sm\" href=\"http:\/\/jf-project.de\/en\/kontakt\/\">\n\t\t\t\t\t\t<span class=\"elementor-button-content-wrapper\">\n\t\t\t\t\t\t\t\t\t<span class=\"elementor-button-text\">CONTACT<\/span>\n\t\t\t\t\t<\/span>\n\t\t\t\t\t<\/a>\n\t\t\t\t<\/div>\n\t\t\t\t\t\t\t\t<\/div>\n\t\t\t\t<\/div>\n\t\t\t\t\t<\/div>\n\t\t\t\t<\/div>\n\t\t\t\t\t<\/div>\n\t\t\t\t<\/div>\n\t\t\t\t<\/div>","protected":false},"excerpt":{"rendered":"<p>Ankaufsprofil WIR KAUFEN WOHN- &#038; GEWERBEIMMOBILIEN Eine schnelle, seri\u00f6se und unkomplizierte Abwicklung garantieren wir Ihnen. Nach einer erfolgreichen Due Diligence ben\u00f6tigen wir max. 48 Stunden um Ihnen einen Kaufvertragsentwurfs durch unser Notariat zu \u00fcbermitteln. Ankaufskriterien Prim\u00e4r: Berlin, D\u00fcsseldorf, Duisburg, Hamburg und Leipzig \u2013 sekund\u00e4r: ganz Deutschland Lagen: Inner- und au\u00dferst\u00e4dtische Lagen; idealerweise N\u00e4he \u00d6PNV. Wohnimmobilien: [&hellip;]<\/p>","protected":false},"author":3,"featured_media":0,"parent":0,"menu_order":0,"comment_status":"closed","ping_status":"closed","template":"","meta":{"footnotes":""},"class_list":["post-677","page","type-page","status-publish","hentry"],"_links":{"self":[{"href":"https:\/\/jf-project.de\/en\/wp-json\/wp\/v2\/pages\/677","targetHints":{"allow":["GET"]}}],"collection":[{"href":"https:\/\/jf-project.de\/en\/wp-json\/wp\/v2\/pages"}],"about":[{"href":"https:\/\/jf-project.de\/en\/wp-json\/wp\/v2\/types\/page"}],"author":[{"embeddable":true,"href":"https:\/\/jf-project.de\/en\/wp-json\/wp\/v2\/users\/3"}],"replies":[{"embeddable":true,"href":"https:\/\/jf-project.de\/en\/wp-json\/wp\/v2\/comments?post=677"}],"version-history":[{"count":58,"href":"https:\/\/jf-project.de\/en\/wp-json\/wp\/v2\/pages\/677\/revisions"}],"predecessor-version":[{"id":1035,"href":"https:\/\/jf-project.de\/en\/wp-json\/wp\/v2\/pages\/677\/revisions\/1035"}],"wp:attachment":[{"href":"https:\/\/jf-project.de\/en\/wp-json\/wp\/v2\/media?parent=677"}],"curies":[{"name":"wp","href":"https:\/\/api.w.org\/{rel}","templated":true}]}}